{"id":1413,"date":"2020-02-20T12:27:36","date_gmt":"2020-02-20T12:27:36","guid":{"rendered":"https:\/\/sagex.org\/?page_id=1413"},"modified":"2020-02-20T13:05:46","modified_gmt":"2020-02-20T13:05:46","slug":"attendees-of-seminar-event","status":"publish","type":"page","link":"https:\/\/sagex.org\/?page_id=1413","title":{"rendered":"Attendees of seminar event"},"content":{"rendered":"<h1 class=\"vsel-meta-title\">Breakthroughs in Quantum Field Theory and Gravity: an Afternoon with Bern, Dixon and Kosower &#8211; event attendees<\/h1>\n<p>Professor Lance Dixon, SLAC<br \/>\nProfessor Zvi Bern, UCLA<br \/>\nProfessor David Kosower, CEA-Saclay<br \/>\nMs Athina Zamapara, European Commission<br \/>\n<span style=\"font-size: 1rem;\">Professor Gabriele Travaglini, QMUL<br \/>\n<\/span>Professor Lionel Mason, Mathematical Institute, Oxford<br \/>\nStefano De Angelis, QMUL<br \/>\nProfessor Paul Heslop, Durham University<br \/>\nKays Haddad, Niels Bohr Institute<br \/>\nLorenzo Quintavalle, DESY<br \/>\nGabriele Dian, Durham University<br \/>\nRiccardo Gonzo, Trinity College Dublin<br \/>\nSebastian P\u00f6gel, IPhT, CEA-Saclay<br \/>\nProfessor Andreas Brandhuber, QMUL<br \/>\nProfessor Steven Thomas, QMUL<br \/>\nProfessor Peter Hobson, QMUL<br \/>\nProfessor Amihay Hanany, Imperial College London<br \/>\nDr Ricardo Monteiro, QMUL<br \/>\nDr Dhritiman Nandan, University of Southampton<br \/>\nDr Chris White, QMUL<br \/>\nDr Ulrike Blumenschein, QMUL<br \/>\nProfessor MichaeI Green, QMUL<br \/>\nGabriel Bliard, Humboldt Universit\u00e4t zu Berlin<br \/>\nFabrizio Martone, QMUL<br \/>\nDr Andrew Hodges, Oxford University<br \/>\nDr \u00d6mer G\u00fcrdo\u011fan, University of Southampton<br \/>\nDavid Peinador Veiga, QMUL<br \/>\nProfessor Michael, Duff, Imperial College London<br \/>\nArnau Koemans, QMUL<br \/>\nMarcel Hughes, QMUL<br \/>\nDr Linfeng Li, QMUL<br \/>\nNadia Bahjat-Abbas, QMUL<br \/>\nDr Congkao Wen, QMUL<br \/>\nManuel Accettulli Huber, QMUL<br \/>\nFrancesca Palermo, QMUL<br \/>\nMadeeha Tabassum, QMUL<br \/>\nProfessor Nadav Drukker, King&#8217;s College London<br \/>\nLiwei Yang, QMUL<br \/>\nProfessor Malcolm MacCallum, QMUL<br \/>\nCanxin Shi, Humboldt University Berlin<br \/>\nProfessor Ruth Britto, Trinity College Dublin<br \/>\nMarco Saragnese, DESY<br \/>\nDr Alessandro Torrielli, University of Surrey<br \/>\nProfessor Chris Hull, Imperial College London<br \/>\nDr Matthew Buican, QMUL<br \/>\nDr Rodolfo Russo, QMUL<br \/>\nAnne Spiering, Trinity College Dublin<br \/>\nRajath Radhakrishnan, QMUL<br \/>\nDr Christopher McCabe, King\u2019s College London<br \/>\nKarolina Zalisz, QMUL<br \/>\nMr Yichao Fu, QMUL<br \/>\nManuel Accettulli Huber, QMUL<br \/>\nSam Wikeley, QMUL<br \/>\nShun-Qing Zhang, QMUL<br \/>\nProfessor Tristan McLoughlin, Trinity College Dublin<br \/>\nHo Lam, QMUL<br \/>\nAdrian Padellaro, QMUL<br \/>\nElliot Bridges, University of Southampton<br \/>\nDr Pau Figueras, QMUL<br \/>\nMayling Dixon, SLAC<\/p>\n<p><a href=\"https:\/\/sagex.org\/?event=breakthroughs-in-quantum-field-theory-and-gravity-an-afternoon-with-bern-dixon-and-kosower\">Back to event page<\/a><\/p>\n","protected":false},"excerpt":{"rendered":"<p>Breakthroughs in Quantum Field Theory and Gravity: an Afternoon with Bern, Dixon and Kosower &#8211; event attendees Professor Lance Dixon, SLAC Professor Zvi Bern, UCLA Professor David Kosower, CEA-Saclay Ms Athina Zamapara, European Commission Professor Gabriele Travaglini, QMUL Professor Lionel Mason, Mathematical Institute, Oxford Stefano De Angelis, QMUL Professor Paul Heslop, Durham University Kays Haddad, &hellip; <\/p>\n<p class=\"link-more\"><a href=\"https:\/\/sagex.org\/?page_id=1413\" class=\"more-link\">Continue reading<span class=\"screen-reader-text\"> &#8220;Attendees of seminar event&#8221;<\/span><\/a><\/p>\n","protected":false},"author":4,"featured_media":0,"parent":0,"menu_order":0,"comment_status":"closed","ping_status":"closed","template":"","meta":[],"_links":{"self":[{"href":"https:\/\/sagex.org\/index.php?rest_route=\/wp\/v2\/pages\/1413"}],"collection":[{"href":"https:\/\/sagex.org\/index.php?rest_route=\/wp\/v2\/pages"}],"about":[{"href":"https:\/\/sagex.org\/index.php?rest_route=\/wp\/v2\/types\/page"}],"author":[{"embeddable":true,"href":"https:\/\/sagex.org\/index.php?rest_route=\/wp\/v2\/users\/4"}],"replies":[{"embeddable":true,"href":"https:\/\/sagex.org\/index.php?rest_route=%2Fwp%2Fv2%2Fcomments&post=1413"}],"version-history":[{"count":5,"href":"https:\/\/sagex.org\/index.php?rest_route=\/wp\/v2\/pages\/1413\/revisions"}],"predecessor-version":[{"id":1418,"href":"https:\/\/sagex.org\/index.php?rest_route=\/wp\/v2\/pages\/1413\/revisions\/1418"}],"wp:attachment":[{"href":"https:\/\/sagex.org\/index.php?rest_route=%2Fwp%2Fv2%2Fmedia&parent=1413"}],"curies":[{"name":"wp","href":"https:\/\/api.w.org\/{rel}","templated":true}]}}